{"id":12954,"date":"2020-08-27T08:23:10","date_gmt":"2020-08-27T08:23:10","guid":{"rendered":"http:\/\/zirkel.biz\/?page_id=12954"},"modified":"2024-01-07T14:50:44","modified_gmt":"2024-01-07T14:50:44","slug":"politica-de-privacidad","status":"publish","type":"page","link":"https:\/\/zirkel.biz\/ca\/politica-de-privacidad\/","title":{"rendered":"Pol\u00edtica de privadesa"},"content":{"rendered":"<div data-elementor-type=\"wp-page\" data-elementor-id=\"12954\" class=\"elementor elementor-12954\">\n\t\t\t\t\t\t<section class=\"elementor-section elementor-top-section elementor-element elementor-element-2b1184b0 elementor-section-boxed elementor-section-height-default elementor-section-height-default sc_fly_static\" data-id=\"2b1184b0\" data-element_type=\"section\" data-e-type=\"section\" data-settings=\"{&quot;background_background&quot;:&quot;classic&quot;}\">\n\t\t\t\t\t\t<div class=\"elementor-container elementor-column-gap-extended\">\n\t\t\t\t\t<div class=\"elementor-column elementor-col-100 elementor-top-column elementor-element elementor-element-153e1c19 sc_inner_width_none sc_content_align_inherit sc_layouts_column_icons_position_left sc_fly_static\" data-id=\"153e1c19\" data-element_type=\"column\" data-e-type=\"column\">\n\t\t\t<div class=\"elementor-widget-wrap elementor-element-populated\">\n\t\t\t\t\t\t<div class=\"elementor-element elementor-element-54db29de sc_fly_static elementor-widget elementor-widget-text-editor\" data-id=\"54db29de\" data-element_type=\"widget\" data-e-type=\"widget\" data-widget_type=\"text-editor.default\">\n\t\t\t\t<div class=\"elementor-widget-container\">\n\t\t\t\t\t\t\t\t\t<h5>1. Introducci\u00f3<\/h5><p><span style=\"font-weight: 400;\">El lloc web www.zirkel.biz \u00e9s propietat de Zirkel, que \u00e9s un controlador de dades de les vostres dades personals.<\/span><\/p><p><span style=\"font-weight: 400;\">Hem adoptat aquesta Pol\u00edtica de privadesa, que determina com processem la informaci\u00f3 recopilada per www.zirkel.biz, que tamb\u00e9 proporciona les raons per les quals hem de recopilar certes dades personals sobre tu. Per tant, heu de llegir aquesta Pol\u00edtica de privadesa abans d&#039;utilitzar el lloc web de www.zirkel.biz.<\/span><\/p><p><span style=\"font-weight: 400;\">Cuidem les teves dades personals i ens comprometem a garantir-ne la confidencialitat i la seguretat.<\/span><\/p>\t\t\t\t\t\t\t\t<\/div>\n\t\t\t\t<\/div>\n\t\t\t\t\t<\/div>\n\t\t<\/div>\n\t\t\t\t\t<\/div>\n\t\t<\/section>\n\t\t\t\t<section class=\"elementor-section elementor-top-section elementor-element elementor-element-7ef86bc8 elementor-section-boxed elementor-section-height-default elementor-section-height-default sc_fly_static\" data-id=\"7ef86bc8\" data-element_type=\"section\" data-e-type=\"section\">\n\t\t\t\t\t\t<div class=\"elementor-container elementor-column-gap-extended\">\n\t\t\t\t\t<div class=\"elementor-column elementor-col-100 elementor-top-column elementor-element elementor-element-19372eea sc_inner_width_none sc_content_align_inherit sc_layouts_column_icons_position_left sc_fly_static\" data-id=\"19372eea\" data-element_type=\"column\" data-e-type=\"column\">\n\t\t\t<div class=\"elementor-widget-wrap elementor-element-populated\">\n\t\t\t\t\t\t<div class=\"elementor-element elementor-element-690b98ed sc_fly_static elementor-widget elementor-widget-spacer\" data-id=\"690b98ed\" data-element_type=\"widget\" data-e-type=\"widget\" data-widget_type=\"spacer.default\">\n\t\t\t\t<div class=\"elementor-widget-container\">\n\t\t\t\t\t\t\t<div class=\"elementor-spacer\">\n\t\t\t<div class=\"elementor-spacer-inner\"><\/div>\n\t\t<\/div>\n\t\t\t\t\t\t<\/div>\n\t\t\t\t<\/div>\n\t\t\t\t\t<\/div>\n\t\t<\/div>\n\t\t\t\t\t<\/div>\n\t\t<\/section>\n\t\t\t\t<section class=\"elementor-section elementor-top-section elementor-element elementor-element-a2ec18c elementor-section-boxed elementor-section-height-default elementor-section-height-default sc_fly_static\" data-id=\"a2ec18c\" data-element_type=\"section\" data-e-type=\"section\" data-settings=\"{&quot;background_background&quot;:&quot;classic&quot;}\">\n\t\t\t\t\t\t<div class=\"elementor-container elementor-column-gap-extended\">\n\t\t\t\t\t<div class=\"elementor-column elementor-col-100 elementor-top-column elementor-element elementor-element-e4f67bc sc_inner_width_none sc_content_align_inherit sc_layouts_column_icons_position_left sc_fly_static\" data-id=\"e4f67bc\" data-element_type=\"column\" data-e-type=\"column\">\n\t\t\t<div class=\"elementor-widget-wrap elementor-element-populated\">\n\t\t\t\t\t\t<div class=\"elementor-element elementor-element-fc87c00 sc_fly_static elementor-widget elementor-widget-text-editor\" data-id=\"fc87c00\" data-element_type=\"widget\" data-e-type=\"widget\" data-widget_type=\"text-editor.default\">\n\t\t\t\t<div class=\"elementor-widget-container\">\n\t\t\t\t\t\t\t\t\t<h5>2. Pol\u00edtica de privadesa<\/h5><h6>Informaci\u00f3 personal que recopilem<\/h6><p><span style=\"font-weight: 400;\">Quan visiteu www.zirkel.biz, recopilem autom\u00e0ticament certa informaci\u00f3 sobre el vostre dispositiu, inclosa informaci\u00f3 sobre el vostre navegador web, adre\u00e7a IP, zona hor\u00e0ria i algunes de les cookies instal\u00b7lades al vostre dispositiu. A m\u00e9s, a mesura que navegues, recopilem informaci\u00f3 sobre les p\u00e0gines web individuals o els productes que veus, quins llocs web o termes de cerca et van remetre a la web i com interactues. Ens referim a aquesta informaci\u00f3 recopilada autom\u00e0ticament com a \u201cInformaci\u00f3 del dispositiu\u201d. A m\u00e9s, podem recopilar les dades personals que ens proporciones (incloses, entre d&#039;altres, nom, cognom, adre\u00e7a, informaci\u00f3 de pagament, etc.) durant el registre per poder complir l&#039;acord.<\/span><\/p><h6>Per qu\u00e8 processem les teves dades?<\/h6><p><span style=\"font-weight: 400;\">La nostra m\u00e0xima prioritat \u00e9s la seguretat de les dades del client i, com a tal, nom\u00e9s podem processar les dades m\u00ednimes de l&#039;usuari, nom\u00e9s en la mesura que sigui absolutament necessari per mantenir el lloc web. La informaci\u00f3 recopilada autom\u00e0ticament nom\u00e9s s&#039;utilitza per identificar casos potencials d&#039;ab\u00fas i establir informaci\u00f3 estad\u00edstica sobre l&#039;\u00fas del lloc web. Aquesta informaci\u00f3 estad\u00edstica no s&#039;afegeix de manera que identifiqui cap usuari en particular del sistema.<\/span><\/p><p><span style=\"font-weight: 400;\">Pots visitar la web sense dir-nos qui ets ni revelar cap informaci\u00f3 per la qual alg\u00fa et pugui identificar com una persona espec\u00edfica. No obstant aix\u00f2, si vols utilitzar algunes de les funcions del lloc web, o desitges rebre el nostre butllet\u00ed informatiu o proporcionar altres detalls en completar un formulari, pots proporcionar dades personals, com el teu correu electr\u00f2nic, nom, cognom, ciutat de resid\u00e8ncia, organitzaci\u00f3 i n\u00famero de tel\u00e8fon. Pots optar per no proporcionar les dades personals, per\u00f2 \u00e9s possible que no puguis aprofitar algunes de les funcions del lloc web. Per exemple, no podr\u00e0s rebre el nostre butllet\u00ed ni contactar directament des del lloc web. Els usuaris que no estiguin segurs de quina informaci\u00f3 \u00e9s obligat\u00f2ria es poden posar en contacte amb nosaltres a trav\u00e9s de contacto@zirkel.biz.<\/span><\/p><h6>Els teus drets<\/h6><p><span style=\"font-weight: 400;\">Si ets resident europeu, tens els drets seg\u00fcents relacionats amb les teves dades personals:<\/span><\/p><ul><li style=\"font-weight: 400;\" aria-level=\"1\"><span style=\"font-weight: 400;\">El dret a ser informat.<\/span><\/li><\/ul><ul><li style=\"font-weight: 400;\" aria-level=\"1\"><span style=\"font-weight: 400;\">El dret dacc\u00e9s.<\/span><\/li><\/ul><ul><li style=\"font-weight: 400;\" aria-level=\"1\"><span style=\"font-weight: 400;\">El dret a la rectificaci\u00f3.<\/span><\/li><\/ul><ul><li style=\"font-weight: 400;\" aria-level=\"1\"><span style=\"font-weight: 400;\">El dret a esborrar.<\/span><\/li><\/ul><ul><li style=\"font-weight: 400;\" aria-level=\"1\"><span style=\"font-weight: 400;\">El dret a restringir el processament.<\/span><\/li><\/ul><ul><li style=\"font-weight: 400;\" aria-level=\"1\"><span style=\"font-weight: 400;\">El dret a la portabilitat de dades.<\/span><\/li><\/ul><ul><li style=\"font-weight: 400;\" aria-level=\"1\"><span style=\"font-weight: 400;\">El dret a oposar-te.<\/span><\/li><\/ul><ul><li style=\"font-weight: 400;\" aria-level=\"1\"><span style=\"font-weight: 400;\">Drets en relaci\u00f3 amb la presa de decisions automatitzada i elaboraci\u00f3 de perfils.<\/span><\/li><\/ul><p><span style=\"font-weight: 400;\">Si vols exercir aquest dret, comunica&#039;t amb nosaltres a trav\u00e9s de la informaci\u00f3 de contacte a continuaci\u00f3.<\/span><\/p><p><span style=\"font-weight: 400;\">A m\u00e9s, si ets resident europeu, destaquem que estem processant la teva informaci\u00f3 per complir els contractes que podr\u00edem tenir amb tu (per exemple, si fas una comanda a trav\u00e9s de la web), o altrament per seguir els nostres interessos comercials leg\u00edtims enumerats anteriorment. A m\u00e9s, tingues en compte que la teva informaci\u00f3 es pot transferir fora d&#039;Europa, inclosos el Canad\u00e0 i els Estats Units.<\/span><\/p><h6>Enlla\u00e7os a altres llocs web<\/h6><p><span style=\"font-weight: 400;\">La nostra web pot contenir enlla\u00e7os a altres llocs web que no s\u00f3n de la nostra propietat ni estan controlats per nosaltres. Tingues en compte que no som responsables d&#039;aquests llocs web ni de les pr\u00e0ctiques de privadesa de tercers. Et recomanem que estiguis atent quan abandonis el nostre lloc web i llegeixis les declaracions de privadesa de cada web que pugui recopilar informaci\u00f3 personal.<\/span><\/p><h6>Seguretat i informaci\u00f3<\/h6><p><span style=\"font-weight: 400;\">Assegurem la informaci\u00f3 que proporciones a servidors inform\u00e0tics en un entorn controlat i segur, protegit de l&#039;acc\u00e9s, \u00fas o divulgaci\u00f3 no autoritzats. Mantenim mesures de seguretat administratives, t\u00e8cniques i f\u00edsiques raonables per protegir contra l&#039;acc\u00e9s no autoritzat, l&#039;\u00fas, la modificaci\u00f3 i la divulgaci\u00f3 de dades personals sota el seu control i cust\u00f2dia. No obstant aix\u00f2, no es pot garantir la transmissi\u00f3 de dades a trav\u00e9s dInternet o xarxes sense fil.<\/span><\/p><h6>Divulgaci\u00f3 legal<\/h6><p><span style=\"font-weight: 400;\">Divulgarem qualsevol informaci\u00f3 que recopilem, fem servir o rebem si aix\u00ed ho requereix o ho permet la llei, com per complir amb una citaci\u00f3 o un proc\u00e9s legal similar, i quan creiem de bona fe que la divulgaci\u00f3 \u00e9s necess\u00e0ria per protegir els nostres drets, protegir la teva seguretat o la seguretat dels altres, investigar el frau o respondre a una sol\u00b7licitud del govern.<\/span><\/p><h6>Informaci\u00f3 de contacte<\/h6><p><span style=\"font-weight: 400;\">Si vols comunicar-te amb nosaltres per comprendre m\u00e9s sobre aquesta Pol\u00edtica o desitges comunicar-te amb nosaltres en relaci\u00f3 amb qualsevol assumpte sobre els drets individuals i la teva informaci\u00f3 personal, pots enviar-nos un correu electr\u00f2nic a contacto@zirkel.biz.<\/span><\/p>\t\t\t\t\t\t\t\t<\/div>\n\t\t\t\t<\/div>\n\t\t\t\t\t<\/div>\n\t\t<\/div>\n\t\t\t\t\t<\/div>\n\t\t<\/section>\n\t\t\t\t<\/div>","protected":false},"excerpt":{"rendered":"<p>1. Introducci\u00f3n El sitio web www.zirkel.biz es propiedad de Zirkel, que es un controlador de datos de tus datos personales. Hemos adoptado esta Pol\u00edtica de privacidad, que determina c\u00f3mo procesamos&hellip;<\/p>","protected":false},"author":1,"featured_media":0,"parent":0,"menu_order":0,"comment_status":"closed","ping_status":"closed","template":"","meta":{"footnotes":""},"class_list":["post-12954","page","type-page","status-publish","hentry"],"_links":{"self":[{"href":"https:\/\/zirkel.biz\/ca\/wp-json\/wp\/v2\/pages\/12954","targetHints":{"allow":["GET"]}}],"collection":[{"href":"https:\/\/zirkel.biz\/ca\/wp-json\/wp\/v2\/pages"}],"about":[{"href":"https:\/\/zirkel.biz\/ca\/wp-json\/wp\/v2\/types\/page"}],"author":[{"embeddable":true,"href":"https:\/\/zirkel.biz\/ca\/wp-json\/wp\/v2\/users\/1"}],"replies":[{"embeddable":true,"href":"https:\/\/zirkel.biz\/ca\/wp-json\/wp\/v2\/comments?post=12954"}],"version-history":[{"count":14,"href":"https:\/\/zirkel.biz\/ca\/wp-json\/wp\/v2\/pages\/12954\/revisions"}],"predecessor-version":[{"id":37055,"href":"https:\/\/zirkel.biz\/ca\/wp-json\/wp\/v2\/pages\/12954\/revisions\/37055"}],"wp:attachment":[{"href":"https:\/\/zirkel.biz\/ca\/wp-json\/wp\/v2\/media?parent=12954"}],"curies":[{"name":"wp","href":"https:\/\/api.w.org\/{rel}","templated":true}]}}