{"id":12954,"date":"2020-08-27T08:23:10","date_gmt":"2020-08-27T08:23:10","guid":{"rendered":"http:\/\/zirkel.biz\/?page_id=12954"},"modified":"2024-01-07T14:50:44","modified_gmt":"2024-01-07T14:50:44","slug":"politica-de-privacidad","status":"publish","type":"page","link":"https:\/\/zirkel.biz\/fr\/politica-de-privacidad\/","title":{"rendered":"Politique de confidentialit\u00e9"},"content":{"rendered":"<div data-elementor-type=\"wp-page\" data-elementor-id=\"12954\" class=\"elementor elementor-12954\">\n\t\t\t\t\t\t<section class=\"elementor-section elementor-top-section elementor-element elementor-element-2b1184b0 elementor-section-boxed elementor-section-height-default elementor-section-height-default sc_fly_static\" data-id=\"2b1184b0\" data-element_type=\"section\" data-e-type=\"section\" data-settings=\"{&quot;background_background&quot;:&quot;classic&quot;}\">\n\t\t\t\t\t\t<div class=\"elementor-container elementor-column-gap-extended\">\n\t\t\t\t\t<div class=\"elementor-column elementor-col-100 elementor-top-column elementor-element elementor-element-153e1c19 sc_inner_width_none sc_content_align_inherit sc_layouts_column_icons_position_left sc_fly_static\" data-id=\"153e1c19\" data-element_type=\"column\" data-e-type=\"column\">\n\t\t\t<div class=\"elementor-widget-wrap elementor-element-populated\">\n\t\t\t\t\t\t<div class=\"elementor-element elementor-element-54db29de sc_fly_static elementor-widget elementor-widget-text-editor\" data-id=\"54db29de\" data-element_type=\"widget\" data-e-type=\"widget\" data-widget_type=\"text-editor.default\">\n\t\t\t\t<div class=\"elementor-widget-container\">\n\t\t\t\t\t\t\t\t\t<h5>1. introduction<\/h5><p><span style=\"font-weight: 400;\">Le site web www.zirkel.biz est la propri\u00e9t\u00e9 de Zirkel, qui est un responsable du traitement de vos donn\u00e9es personnelles.<\/span><\/p><p><span style=\"font-weight: 400;\">Nous avons adopt\u00e9 la pr\u00e9sente politique de confidentialit\u00e9, qui d\u00e9finit la mani\u00e8re dont nous traitons les informations collect\u00e9es par www.zirkel.biz, et qui explique \u00e9galement les raisons pour lesquelles nous collectons certaines donn\u00e9es \u00e0 caract\u00e8re personnel vous concernant. Vous devez donc lire cette politique de confidentialit\u00e9 avant d'utiliser le site web www.zirkel.biz.<\/span><\/p><p><span style=\"font-weight: 400;\">Nous prenons soin de vos donn\u00e9es personnelles et nous nous engageons \u00e0 en assurer la confidentialit\u00e9 et la s\u00e9curit\u00e9.<\/span><\/p>\t\t\t\t\t\t\t\t<\/div>\n\t\t\t\t<\/div>\n\t\t\t\t\t<\/div>\n\t\t<\/div>\n\t\t\t\t\t<\/div>\n\t\t<\/section>\n\t\t\t\t<section class=\"elementor-section elementor-top-section elementor-element elementor-element-7ef86bc8 elementor-section-boxed elementor-section-height-default elementor-section-height-default sc_fly_static\" data-id=\"7ef86bc8\" data-element_type=\"section\" data-e-type=\"section\">\n\t\t\t\t\t\t<div class=\"elementor-container elementor-column-gap-extended\">\n\t\t\t\t\t<div class=\"elementor-column elementor-col-100 elementor-top-column elementor-element elementor-element-19372eea sc_inner_width_none sc_content_align_inherit sc_layouts_column_icons_position_left sc_fly_static\" data-id=\"19372eea\" data-element_type=\"column\" data-e-type=\"column\">\n\t\t\t<div class=\"elementor-widget-wrap elementor-element-populated\">\n\t\t\t\t\t\t<div class=\"elementor-element elementor-element-690b98ed sc_fly_static elementor-widget elementor-widget-spacer\" data-id=\"690b98ed\" data-element_type=\"widget\" data-e-type=\"widget\" data-widget_type=\"spacer.default\">\n\t\t\t\t<div class=\"elementor-widget-container\">\n\t\t\t\t\t\t\t<div class=\"elementor-spacer\">\n\t\t\t<div class=\"elementor-spacer-inner\"><\/div>\n\t\t<\/div>\n\t\t\t\t\t\t<\/div>\n\t\t\t\t<\/div>\n\t\t\t\t\t<\/div>\n\t\t<\/div>\n\t\t\t\t\t<\/div>\n\t\t<\/section>\n\t\t\t\t<section class=\"elementor-section elementor-top-section elementor-element elementor-element-a2ec18c elementor-section-boxed elementor-section-height-default elementor-section-height-default sc_fly_static\" data-id=\"a2ec18c\" data-element_type=\"section\" data-e-type=\"section\" data-settings=\"{&quot;background_background&quot;:&quot;classic&quot;}\">\n\t\t\t\t\t\t<div class=\"elementor-container elementor-column-gap-extended\">\n\t\t\t\t\t<div class=\"elementor-column elementor-col-100 elementor-top-column elementor-element elementor-element-e4f67bc sc_inner_width_none sc_content_align_inherit sc_layouts_column_icons_position_left sc_fly_static\" data-id=\"e4f67bc\" data-element_type=\"column\" data-e-type=\"column\">\n\t\t\t<div class=\"elementor-widget-wrap elementor-element-populated\">\n\t\t\t\t\t\t<div class=\"elementor-element elementor-element-fc87c00 sc_fly_static elementor-widget elementor-widget-text-editor\" data-id=\"fc87c00\" data-element_type=\"widget\" data-e-type=\"widget\" data-widget_type=\"text-editor.default\">\n\t\t\t\t<div class=\"elementor-widget-container\">\n\t\t\t\t\t\t\t\t\t<h5>2. Politique de protection de la vie priv\u00e9e<\/h5><h6>Les informations personnelles que nous recueillons<\/h6><p><span style=\"font-weight: 400;\">Lorsque vous visitez le site www.zirkel.biz, nous recueillons automatiquement certaines informations sur votre appareil, notamment sur votre navigateur web, votre adresse IP, votre fuseau horaire et certains des cookies install\u00e9s sur votre appareil. En outre, lorsque vous naviguez, nous recueillons des informations sur les pages web ou les produits que vous consultez, sur les sites web ou les termes de recherche qui vous ont renvoy\u00e9 sur le site et sur la mani\u00e8re dont vous interagissez. Ces informations collect\u00e9es automatiquement sont appel\u00e9es \"informations sur l'appareil\". En outre, nous pouvons recueillir des informations personnelles que vous nous fournissez (y compris, mais sans s'y limiter, le pr\u00e9nom, le nom de famille, l'adresse, les informations de paiement, etc.<\/span><\/p><h6>Pourquoi traitons-nous vos donn\u00e9es ?<\/h6><p><span style=\"font-weight: 400;\">Notre priorit\u00e9 absolue est la s\u00e9curit\u00e9 des donn\u00e9es des clients et, \u00e0 ce titre, nous ne pouvons traiter que des donn\u00e9es minimales sur les utilisateurs, dans la mesure o\u00f9 cela est absolument n\u00e9cessaire pour maintenir le site web. Les informations collect\u00e9es automatiquement ne sont utilis\u00e9es que pour identifier des cas potentiels d'abus et pour \u00e9tablir des statistiques sur l'utilisation du site web. Ces informations statistiques ne sont pas agr\u00e9g\u00e9es de mani\u00e8re \u00e0 identifier un utilisateur particulier du syst\u00e8me.<\/span><\/p><p><span style=\"font-weight: 400;\">Vous pouvez visiter le site web sans nous dire qui vous \u00eates ni r\u00e9v\u00e9ler d'informations permettant de vous identifier en tant que personne sp\u00e9cifique. Toutefois, si vous souhaitez utiliser certaines fonctionnalit\u00e9s du site web, recevoir notre lettre d'information ou fournir d'autres d\u00e9tails en remplissant un formulaire, vous pouvez nous fournir des informations personnelles, telles que votre adresse \u00e9lectronique, votre pr\u00e9nom, votre nom, votre ville de r\u00e9sidence, votre organisation et votre num\u00e9ro de t\u00e9l\u00e9phone. Vous pouvez choisir de ne pas fournir vos donn\u00e9es personnelles, mais il se peut que vous ne puissiez pas profiter de certaines fonctionnalit\u00e9s du site web. Par exemple, vous ne pourrez pas recevoir notre lettre d'information ou nous contacter directement \u00e0 partir du site web. Les utilisateurs qui ne sont pas s\u00fbrs des informations requises peuvent nous contacter \u00e0 l'adresse suivante : contacto@zirkel.biz.<\/span><\/p><h6>Vos droits<\/h6><p><span style=\"font-weight: 400;\">Si vous \u00eates un r\u00e9sident europ\u00e9en, vous disposez des droits suivants en ce qui concerne vos donn\u00e9es personnelles :<\/span><\/p><ul><li style=\"font-weight: 400;\" aria-level=\"1\"><span style=\"font-weight: 400;\">Le droit d'\u00eatre inform\u00e9.<\/span><\/li><\/ul><ul><li style=\"font-weight: 400;\" aria-level=\"1\"><span style=\"font-weight: 400;\">Le droit d'acc\u00e8s.<\/span><\/li><\/ul><ul><li style=\"font-weight: 400;\" aria-level=\"1\"><span style=\"font-weight: 400;\">Le droit de rectification.<\/span><\/li><\/ul><ul><li style=\"font-weight: 400;\" aria-level=\"1\"><span style=\"font-weight: 400;\">Le droit \u00e0 l'effacement.<\/span><\/li><\/ul><ul><li style=\"font-weight: 400;\" aria-level=\"1\"><span style=\"font-weight: 400;\">Le droit de limiter les poursuites.<\/span><\/li><\/ul><ul><li style=\"font-weight: 400;\" aria-level=\"1\"><span style=\"font-weight: 400;\">Le droit \u00e0 la portabilit\u00e9 des donn\u00e9es.<\/span><\/li><\/ul><ul><li style=\"font-weight: 400;\" aria-level=\"1\"><span style=\"font-weight: 400;\">Le droit d'opposition.<\/span><\/li><\/ul><ul><li style=\"font-weight: 400;\" aria-level=\"1\"><span style=\"font-weight: 400;\">Droits relatifs \u00e0 la prise de d\u00e9cision automatis\u00e9e et au profilage.<\/span><\/li><\/ul><p><span style=\"font-weight: 400;\">Si vous souhaitez exercer ce droit, veuillez nous contacter en utilisant les coordonn\u00e9es ci-dessous.<\/span><\/p><p><span style=\"font-weight: 400;\">En outre, si vous \u00eates un r\u00e9sident europ\u00e9en, nous notons que nous traitons vos informations pour ex\u00e9cuter tout contrat que nous pourrions avoir avec vous (par exemple, si vous passez une commande par l'interm\u00e9diaire du site web), ou autrement pour poursuivre nos int\u00e9r\u00eats commerciaux l\u00e9gitimes \u00e9num\u00e9r\u00e9s ci-dessus. En outre, veuillez noter que vos informations peuvent \u00eatre transf\u00e9r\u00e9es en dehors de l'Europe, y compris au Canada et aux \u00c9tats-Unis.<\/span><\/p><h6>Liens vers d'autres sites web<\/h6><p><span style=\"font-weight: 400;\">Notre site web peut contenir des liens vers d'autres sites web qui ne nous appartiennent pas et ne sont pas contr\u00f4l\u00e9s par nous. Sachez que nous ne sommes pas responsables des pratiques en mati\u00e8re de protection de la vie priv\u00e9e de ces autres sites web. Nous vous encourageons \u00e0 \u00eatre vigilant lorsque vous quittez notre site et \u00e0 lire les d\u00e9clarations de confidentialit\u00e9 de chaque site web susceptible de collecter des informations personnellement identifiables.<\/span><\/p><h6>S\u00e9curit\u00e9 et information<\/h6><p><span style=\"font-weight: 400;\">Nous conservons les informations que vous fournissez sur des serveurs informatiques dans un environnement contr\u00f4l\u00e9 et s\u00e9curis\u00e9, \u00e0 l'abri d'un acc\u00e8s, d'une utilisation ou d'une divulgation non autoris\u00e9s. Nous maintenons des mesures de protection administratives, techniques et physiques raisonnables pour emp\u00eacher l'acc\u00e8s, l'utilisation, l'alt\u00e9ration et la divulgation non autoris\u00e9s des donn\u00e9es \u00e0 caract\u00e8re personnel sous votre contr\u00f4le et votre garde. Toutefois, la transmission de donn\u00e9es sur Internet ou sur des r\u00e9seaux sans fil ne peut \u00eatre garantie.<\/span><\/p><h6>Information juridique<\/h6><p><span style=\"font-weight: 400;\">Nous divulguerons toute information que nous recueillons, utilisons ou recevons si la loi l'exige ou le permet, par exemple pour nous conformer \u00e0 une citation \u00e0 compara\u00eetre ou \u00e0 une proc\u00e9dure judiciaire similaire, et lorsque nous estimons de bonne foi que la divulgation est n\u00e9cessaire pour prot\u00e9ger nos droits, votre s\u00e9curit\u00e9 ou celle d'autrui, enqu\u00eater sur des fraudes ou r\u00e9pondre \u00e0 une demande du gouvernement.<\/span><\/p><h6>Informations sur les contacts<\/h6><p><span style=\"font-weight: 400;\">Si vous souhaitez nous contacter pour en savoir plus sur la pr\u00e9sente politique ou si vous souhaitez communiquer avec nous sur des questions relatives aux droits individuels et \u00e0 vos informations personnelles, vous pouvez nous envoyer un courrier \u00e9lectronique \u00e0 l'adresse suivante : contacto@zirkel.biz.<\/span><\/p>\t\t\t\t\t\t\t\t<\/div>\n\t\t\t\t<\/div>\n\t\t\t\t\t<\/div>\n\t\t<\/div>\n\t\t\t\t\t<\/div>\n\t\t<\/section>\n\t\t\t\t<\/div>","protected":false},"excerpt":{"rendered":"<p>1. introduction Le site web www.zirkel.biz est la propri\u00e9t\u00e9 de Zirkel, qui est le responsable du traitement de vos donn\u00e9es \u00e0 caract\u00e8re personnel. Nous avons adopt\u00e9 la pr\u00e9sente politique de confidentialit\u00e9, qui d\u00e9crit la mani\u00e8re dont nous traitons vos...<\/p>","protected":false},"author":1,"featured_media":0,"parent":0,"menu_order":0,"comment_status":"closed","ping_status":"closed","template":"","meta":{"footnotes":""},"class_list":["post-12954","page","type-page","status-publish","hentry"],"_links":{"self":[{"href":"https:\/\/zirkel.biz\/fr\/wp-json\/wp\/v2\/pages\/12954","targetHints":{"allow":["GET"]}}],"collection":[{"href":"https:\/\/zirkel.biz\/fr\/wp-json\/wp\/v2\/pages"}],"about":[{"href":"https:\/\/zirkel.biz\/fr\/wp-json\/wp\/v2\/types\/page"}],"author":[{"embeddable":true,"href":"https:\/\/zirkel.biz\/fr\/wp-json\/wp\/v2\/users\/1"}],"replies":[{"embeddable":true,"href":"https:\/\/zirkel.biz\/fr\/wp-json\/wp\/v2\/comments?post=12954"}],"version-history":[{"count":14,"href":"https:\/\/zirkel.biz\/fr\/wp-json\/wp\/v2\/pages\/12954\/revisions"}],"predecessor-version":[{"id":37055,"href":"https:\/\/zirkel.biz\/fr\/wp-json\/wp\/v2\/pages\/12954\/revisions\/37055"}],"wp:attachment":[{"href":"https:\/\/zirkel.biz\/fr\/wp-json\/wp\/v2\/media?parent=12954"}],"curies":[{"name":"wp","href":"https:\/\/api.w.org\/{rel}","templated":true}]}}